{"id":1500,"date":"2025-01-02T10:00:10","date_gmt":"2025-01-02T09:00:10","guid":{"rendered":"https:\/\/www.vintrospektiv.de\/?page_id=1500"},"modified":"2025-08-26T10:41:06","modified_gmt":"2025-08-26T08:41:06","slug":"10-goto-20","status":"publish","type":"page","link":"https:\/\/www.vintrospektiv.de\/index.php\/10-goto-20\/","title":{"rendered":"10 GOTO 20"},"content":{"rendered":"<div class=\"wp-block-image\">\n<figure class=\"alignleft size-full\"><img loading=\"lazy\" decoding=\"async\" width=\"200\" height=\"300\" src=\"https:\/\/www.vintrospektiv.de\/wp-content\/uploads\/2022\/03\/Cover-klein.jpg\" alt=\"\" class=\"wp-image-962\"\/><\/figure>\n<\/div>\n\n\n<p>Dieses Buch ist als E-Book (ISBN: 978-3-347-70499-2) zum Preis von 5,99 \u20ac und als gedrucktes Exemplar (ISBN: 978-3-347-70498-5) zum Preis von 11,99 \u20ac im einschl\u00e4gigen Fachhandel erh\u00e4ltlich und man kann es auch <a href=\"https:\/\/shop.tredition.com\/booktitle\/10_GOTO_20\/W-602-863-481\">direkt beim Hersteller<\/a> kaufen.<\/p>\n\n\n\n<p>Klappentext: Miron Schmidt hat die Geschichte der Computerspiele seit fr\u00fchester Jugend aus den verschiedensten Blickwinkeln miterlebt. Von einer Kindheit in den Siebzigern mit Gro\u00dfrechnern und den ersten Heimcomputern \u00fcber tiefe Eindr\u00fccke aus der Crackingszene, Besuche bei Spielefirmen in den Achtzigern und Neunzigern und die aktive Teilnahme an einem der ersten Online-Spiele in den fr\u00fchen Neunzigern bis hin zur historischen Besch\u00e4ftigung als Mitarbeiter des Computerspielemuseums und Co-Autor eines Standardwerks \u00fcber Adventurespiele konnte er sich \u00fcber die Jahrzehnte einen einzigartigen \u00dcberblick verschaffen. In seinem ersten Buch berichtet er \u00fcber am\u00fcsante Begegnungen und Erlebnisse im Umfeld der Spiele aus allen diesen Stationen, ohne den Zeitkontext aus den Augen zu verlieren.<\/p>\n\n\n\n<p><a href=\"https:\/\/www.vintrospektiv.de\/wp-content\/uploads\/2025\/08\/10-GOTO-20-Leseprobe.epub\">Leseprobe als ePub-Datei<\/a> f\u00fcr E-Book-Reader<br><a href=\"https:\/\/www.vintrospektiv.de\/wp-content\/uploads\/2025\/08\/10-GOTO-20-Leseprobe.pdf\">Leseprobe als PDF-Datei<\/a> f\u00fcr Computer und Smartphones\/Tablets<\/p>\n\n\n\n<p>Kauflinks:<\/p>\n\n\n\n<ul class=\"wp-block-list\">\n<li>b\u00fccher.de: <a href=\"https:\/\/www.buecher.de\/shop\/buecher\/10-goto-20\/schmidt-miron\/products_products\/detail\/prod_id\/64996637\/\">Print<\/a> \/ <a href=\"https:\/\/www.buecher.de\/shop\/belletristik\/10-goto-20-ebook-epub\/schmidt-miron\/products_products\/detail\/prod_id\/64998050\/\">E-Book<\/a><\/li>\n\n\n\n<li>Hugendubel: <a href=\"https:\/\/www.hugendubel.de\/de\/taschenbuch\/miron_schmidt-10_goto_20-43541452-produkt-details.html\">Print<\/a> \/ <a href=\"https:\/\/www.hugendubel.de\/de\/ebook_epub\/miron_schmidt-10_goto_20-43542979-produkt-details.html\">E-Book<\/a><\/li>\n\n\n\n<li>Thalia: <a href=\"https:\/\/www.thalia.de\/shop\/home\/suggestartikel\/A1064959336\">Print<\/a> \/ <a href=\"https:\/\/www.thalia.de\/shop\/home\/artikeldetails\/A1064960165\">E-Book<\/a><\/li>\n<\/ul>\n\n\n\n<p>Weitere Informationen:<\/p>\n\n\n\n<ul class=\"wp-block-list\">\n<li><a href=\"https:\/\/www.vintrospektiv.de\/index.php\/2022\/03\/mein-erstes-buch-ist-veroffentlicht\/\">Blogbeitrag zur Ver\u00f6ffentlichung<\/a><\/li>\n\n\n\n<li><a href=\"https:\/\/www.vintrospektiv.de\/index.php\/2022\/03\/my-first-book-is-out\/\">Blogbeitrag zur Ver\u00f6ffentlichung<\/a> (englisch)<\/li>\n\n\n\n<li><a href=\"https:\/\/bookwyrm.social\/book\/1660397\/s\/10-goto-20\">BookWyrm-Seite<\/a><\/li>\n<\/ul>\n","protected":false},"excerpt":{"rendered":"<p>Dieses Buch ist als E-Book (ISBN: 978-3-347-70499-2) zum Preis von 5,99 \u20ac und als gedrucktes Exemplar (ISBN: 978-3-347-70498-5) zum Preis von 11,99 \u20ac im einschl\u00e4gigen Fachhandel erh\u00e4ltlich und man kann es auch direkt beim Hersteller kaufen. Klappentext: Miron Schmidt hat die Geschichte der Computerspiele seit fr\u00fchester Jugend aus den verschiedensten Blickwinkeln miterlebt. Von einer Kindheit [&hellip;]<\/p>\n","protected":false},"author":1,"featured_media":0,"parent":0,"menu_order":0,"comment_status":"closed","ping_status":"closed","template":"","meta":{"pgc_sgb_lightbox_settings":"","footnotes":""},"class_list":["post-1500","page","type-page","status-publish","hentry"],"_links":{"self":[{"href":"https:\/\/www.vintrospektiv.de\/index.php\/wp-json\/wp\/v2\/pages\/1500","targetHints":{"allow":["GET"]}}],"collection":[{"href":"https:\/\/www.vintrospektiv.de\/index.php\/wp-json\/wp\/v2\/pages"}],"about":[{"href":"https:\/\/www.vintrospektiv.de\/index.php\/wp-json\/wp\/v2\/types\/page"}],"author":[{"embeddable":true,"href":"https:\/\/www.vintrospektiv.de\/index.php\/wp-json\/wp\/v2\/users\/1"}],"replies":[{"embeddable":true,"href":"https:\/\/www.vintrospektiv.de\/index.php\/wp-json\/wp\/v2\/comments?post=1500"}],"version-history":[{"count":5,"href":"https:\/\/www.vintrospektiv.de\/index.php\/wp-json\/wp\/v2\/pages\/1500\/revisions"}],"predecessor-version":[{"id":1618,"href":"https:\/\/www.vintrospektiv.de\/index.php\/wp-json\/wp\/v2\/pages\/1500\/revisions\/1618"}],"wp:attachment":[{"href":"https:\/\/www.vintrospektiv.de\/index.php\/wp-json\/wp\/v2\/media?parent=1500"}],"curies":[{"name":"wp","href":"https:\/\/api.w.org\/{rel}","templated":true}]}}