{"id":8,"date":"2020-12-04T20:45:45","date_gmt":"2020-12-04T19:45:45","guid":{"rendered":"https:\/\/www.vintrospektiv.de\/?page_id=8"},"modified":"2021-11-23T15:59:34","modified_gmt":"2021-11-23T14:59:34","slug":"kontakt","status":"publish","type":"page","link":"https:\/\/www.vintrospektiv.de\/index.php\/kontakt\/","title":{"rendered":"Impressum"},"content":{"rendered":"\n<p>Verantwortlich f\u00fcr die Inhalte dieser Website: Miron Schmidt, Boddinstr. 17a, 12053 Berlin<\/p>\n\n\n\n<p>E-Mail: vintrospektiv@gmail.com<\/p>\n\n\n\n<h2 class=\"wp-block-heading\">Datenschutzerkl\u00e4rung<\/h2>\n\n\n\n<h3 class=\"wp-block-heading\" id=\"block-4080c5b1-a46d-40a4-b809-6cb980bdbbe9\">Welche personenbezogenen Daten gesammelt werden und warum<\/h3>\n\n\n\n<h4 class=\"wp-block-heading\">Vorbemerkung<\/h4>\n\n\n\n<p>Ich interessiere mich pers\u00f6nlich nicht f\u00fcr die personenbezogenen Daten meiner Besucher und sammele sie in keiner Form. Wer mir gerne Daten zukommen lassen m\u00f6chte \u2013 aus welchem Grund auch immer \u2013, kann das per E-Mail tun. Andernfalls werde ich allenfalls auf einen Kommentar \u00fcber die angegebene E-Mail-Adresse antworten; ich speichere sie dazu aber nicht selbst, sondern nutze die entsprechende Funktion der Website.<\/p>\n\n\n\n<p>S\u00e4mtliche Informationen nach diesem Absatz beziehen sich auf die automatischen Funktionen von WordPress, dem System, das ich f\u00fcr die Abwicklung dieser Website nutze. Ich habe in die von WordPress gesammelten Daten zwar prinzipiell Einblick, werde das aber nur zu zwei Dingen nutzen: um einen Datenauszug zu senden, wenn ein Benutzer diesen fordert (s. u.), und um diese Daten an entsprechende Stellen weiterzuleiten, wenn dies notwendig sein sollte (Bedrohungen usw.). Davon abgesehen, erfolgt die Datensammlung nur f\u00fcr die im Folgenden genannten Zwecke.<\/p>\n\n\n\n<h4 class=\"wp-block-heading\" id=\"block-0171ffb3-fdd6-4ad2-bb6a-378c06857ea6\">Kommentare<\/h4>\n\n\n\n<p id=\"block-6943e5f7-b465-49bf-ad2a-af227f022fa0\">Wenn Besucher Kommentare auf der Website schreiben, werden die Daten gesammelt, die im Kommentar-Formular angezeigt werden, au\u00dferdem die IP-Adresse des Besuchers und der User-Agent-String (damit wird der Browser identifiziert), um die Erkennung von Spam zu unterst\u00fctzen.<\/p>\n\n\n\n<p id=\"block-7ea5aab8-1bb2-44cb-954b-e86c7c90877a\">Aus deiner E-Mail-Adresse kann eine anonymisierte Zeichenfolge erstellt (auch Hash genannt) und dem Gravatar-Dienst \u00fcbergeben werden, um zu pr\u00fcfen, ob du diesen benutzt. Die Datenschutzerkl\u00e4rung des Gravatar-Dienstes findest du hier: https:\/\/automattic.com\/privacy\/. Nachdem dein Kommentar freigegeben wurde, ist dein Profilbild \u00f6ffentlich im Kontext deines Kommentars sichtbar.<\/p>\n\n\n\n<h4 class=\"wp-block-heading\" id=\"block-e63d8145-6b43-4707-b41b-4c67037834c8\">Medien<\/h4>\n\n\n\n<p id=\"block-e08739c4-bc11-4656-ab87-25acaf31af2b\">Wenn du ein registrierter Benutzer bist und Fotos auf diese Website l\u00e4dst, solltest du vermeiden, Fotos mit einem EXIF-GPS-Standort hochzuladen. Besucher dieser Website k\u00f6nnten Fotos, die auf dieser Website gespeichert sind, herunterladen und deren Standort-Informationen extrahieren.<\/p>\n\n\n\n<h4 class=\"wp-block-heading\" id=\"block-7f3b7b0c-0955-4f95-8bfd-e2c684c680bc\">Cookies<\/h4>\n\n\n\n<p id=\"block-00501783-1b2e-4955-96c1-e353f5abcc5a\">Wenn du einen Kommentar auf dieser Website schreibst, wird das als Einwilligung verstanden, deinen Namen, deine E-Mail-Adresse und deine Website in Cookies zu speichern. Dies ist eine Komfortfunktion, damit du diese Daten nicht erneut eingeben musst, wenn du einen weiteren Kommentar schreibst. Diese Cookies werden ein Jahr lang gespeichert.<\/p>\n\n\n\n<p id=\"block-bfd895f7-15d3-475c-a1df-1119a6d84114\">Falls du ein Konto hast und dich auf dieser Website anmeldest, wird ein tempor\u00e4res Cookie gesetzt, um festzustellen, ob dein Browser Cookies akzeptiert. Dieses Cookie enth\u00e4lt keine personenbezogenen Daten und wird verworfen, wenn du deinen Browser schlie\u00dft.<\/p>\n\n\n\n<p id=\"block-e8fda194-beeb-4406-8581-d69e3263bc8e\">Wenn du dich anmeldest, werden einige Cookies eingerichtet, um deine Anmeldeinformationen und Anzeigeoptionen zu speichern. Anmelde-Cookies verfallen nach zwei Tagen und Cookies f\u00fcr die Anzeigeoptionen nach einem Jahr. Falls du bei der Anmeldung \u201eAngemeldet bleiben\u201c ausw\u00e4hlst, wird deine Anmeldung zwei Wochen lang aufrechterhalten. Mit der Abmeldung aus deinem Konto werden die Anmelde-Cookies gel\u00f6scht.<\/p>\n\n\n\n<p id=\"block-805f3eb0-d1ef-4580-8913-f52744eb1ce7\">Wenn du einen Artikel bearbeitest oder ver\u00f6ffentlichst, wird ein zus\u00e4tzliches Cookie in deinem Browser gespeichert. Dieses Cookie enth\u00e4lt keine personenbezogenen Daten und verweist nur auf die Beitrags-ID des Artikels, den du gerade bearbeitet hast. Das Cookie verf\u00e4llt nach einem Tag.<\/p>\n\n\n\n<h4 class=\"wp-block-heading\" id=\"block-d485bc21-9a26-4118-8a35-66b75d05d1f2\">Eingebettete Inhalte von anderen Websites<\/h4>\n\n\n\n<p id=\"block-2cca7413-6c9e-4d69-b9f0-9776ece09d34\">Beitr\u00e4ge auf dieser Website k\u00f6nnen eingebettete Inhalte beinhalten (z.&nbsp;B. Videos, Bilder, Beitr\u00e4ge etc.). Eingebettete Inhalte von anderen Websites verhalten sich im Allgemeinen exakt so, als ob der Besucher die andere Website besucht h\u00e4tte.<\/p>\n\n\n\n<p id=\"block-16b66f75-e48e-471c-b8cb-6282b05da8fc\">Diese Websites k\u00f6nnen Daten \u00fcber dich sammeln, Cookies benutzen, zus\u00e4tzliche Tracking-Dienste von Dritten einbetten und deine Interaktion mit diesem eingebetteten Inhalt aufzeichnen, inklusive deiner Interaktion mit dem eingebetteten Inhalt, falls du ein Konto hast und auf dieser Website angemeldet bist.<\/p>\n\n\n\n<h3 class=\"wp-block-heading\" id=\"block-e776f7d4-5b6d-413f-8146-776bd335d306\">Mit wem deine Daten geteilt werden<\/h3>\n\n\n\n<p>Die Daten werden in keiner Form mit anderen Einzelpersonen oder Unternehmen geteilt. Da die Daten wie an anderen Stellen in dieser Erkl\u00e4rung erw\u00e4hnt gespeichert werden, k\u00f6nnen mein Webspaceanbieter und eventuelle Webserver-Betreiber theoretisch auf sie zugreifen, dies ist ihnen allerdings gesetzlich untersagt und ich gehe nicht davon aus, dass es geschehen wird.<\/p>\n\n\n\n<h3 class=\"wp-block-heading\" id=\"block-34fd62f4-12a1-42c1-922a-d34db60bbbf3\">Wie lange die Daten gespeichert werden<\/h3>\n\n\n\n<p id=\"block-48d67823-148e-4872-bd6d-07308b7899e3\">Wenn du einen Kommentar schreibst, wird dieser inklusive Metadaten zeitlich unbegrenzt gespeichert. Auf diese Art k\u00f6nnen wir Folgekommentare automatisch erkennen und freigeben, anstatt sie in einer Moderations-Warteschlange festzuhalten.<\/p>\n\n\n\n<p id=\"block-b13812db-1f6a-4d93-89ea-11ec1166c05b\">F\u00fcr Benutzer, die sich auf dieser Website registrieren, werden zus\u00e4tzlich die pers\u00f6nlichen Informationen gespeichert, die sie in ihren Benutzerprofilen angeben. Alle Benutzer k\u00f6nnen jederzeit ihre pers\u00f6nlichen Informationen einsehen, \u00e4ndern oder l\u00f6schen (der Benutzername kann nicht ge\u00e4ndert werden). Administratoren der Website k\u00f6nnen diese Informationen ebenfalls einsehen und \u00e4ndern.<\/p>\n\n\n\n<h3 class=\"wp-block-heading\" id=\"block-5bdafbd7-551b-4014-99ca-f56a9d621a42\">Welche Rechte du an deinen Daten hast<\/h3>\n\n\n\n<p id=\"block-ac3fce60-62c9-423d-8b39-6d0911375acf\">Wenn du ein Konto auf dieser Website besitzt oder Kommentare geschrieben hast, kannst du einen Export deiner personenbezogenen Daten bei uns anfordern, inklusive aller Daten, die du mitgeteilt hast. Dar\u00fcber hinaus kannst du die L\u00f6schung aller gespeicherten personenbezogenen Daten anfordern. Dies umfasst nicht die Daten, die aufgrund administrativer, rechtlicher oder sicherheitsrelevanter Notwendigkeiten aufbewahrt werden m\u00fcssen.<\/p>\n\n\n\n<h3 class=\"wp-block-heading\" id=\"block-df80be67-d391-45be-83df-ba2ab88116fe\">Wohin deine Daten gesendet werden<\/h3>\n\n\n\n<p id=\"block-de57e4bc-69be-4cff-8f88-0677fc318700\">Besucher-Kommentare k\u00f6nnten von einem automatisierten Dienst zur Spam-Erkennung untersucht werden.<\/p>\n\n\n\n<h3 class=\"wp-block-heading\">Verlinkte Websites<\/h3>\n\n\n\n<p>F\u00fcr die verlinkten Websites gelten die jeweiligen Datenschutzbestimmungen der Websites. Ich habe auf diese keinen Einfluss und kann f\u00fcr sie keine Verantwortung \u00fcbernehmen.<\/p>\n","protected":false},"excerpt":{"rendered":"<p>Verantwortlich f\u00fcr die Inhalte dieser Website: Miron Schmidt, Boddinstr. 17a, 12053 Berlin E-Mail: vintrospektiv@gmail.com Datenschutzerkl\u00e4rung Welche personenbezogenen Daten gesammelt werden und warum Vorbemerkung Ich interessiere mich pers\u00f6nlich nicht f\u00fcr die personenbezogenen Daten meiner Besucher und sammele sie in keiner Form. Wer mir gerne Daten zukommen lassen m\u00f6chte \u2013 aus welchem Grund auch immer \u2013, kann [&hellip;]<\/p>\n","protected":false},"author":1,"featured_media":0,"parent":0,"menu_order":0,"comment_status":"closed","ping_status":"closed","template":"","meta":{"pgc_sgb_lightbox_settings":"","footnotes":""},"class_list":["post-8","page","type-page","status-publish","hentry"],"_links":{"self":[{"href":"https:\/\/www.vintrospektiv.de\/index.php\/wp-json\/wp\/v2\/pages\/8","targetHints":{"allow":["GET"]}}],"collection":[{"href":"https:\/\/www.vintrospektiv.de\/index.php\/wp-json\/wp\/v2\/pages"}],"about":[{"href":"https:\/\/www.vintrospektiv.de\/index.php\/wp-json\/wp\/v2\/types\/page"}],"author":[{"embeddable":true,"href":"https:\/\/www.vintrospektiv.de\/index.php\/wp-json\/wp\/v2\/users\/1"}],"replies":[{"embeddable":true,"href":"https:\/\/www.vintrospektiv.de\/index.php\/wp-json\/wp\/v2\/comments?post=8"}],"version-history":[{"count":7,"href":"https:\/\/www.vintrospektiv.de\/index.php\/wp-json\/wp\/v2\/pages\/8\/revisions"}],"predecessor-version":[{"id":885,"href":"https:\/\/www.vintrospektiv.de\/index.php\/wp-json\/wp\/v2\/pages\/8\/revisions\/885"}],"wp:attachment":[{"href":"https:\/\/www.vintrospektiv.de\/index.php\/wp-json\/wp\/v2\/media?parent=8"}],"curies":[{"name":"wp","href":"https:\/\/api.w.org\/{rel}","templated":true}]}}